{"id":16100,"date":"2025-02-07T09:51:29","date_gmt":"2025-02-07T08:51:29","guid":{"rendered":"https:\/\/erzgebirge.ch\/wordpress\/?page_id=16100"},"modified":"2025-05-07T11:51:03","modified_gmt":"2025-05-07T09:51:03","slug":"ersatzteile-kerzen","status":"publish","type":"page","link":"https:\/\/erzgebirge.ch\/wordpress\/?page_id=16100","title":{"rendered":"Ersatzteile, Kerzen"},"content":{"rendered":"\n<p>Wir f\u00fchren Pyramidenkerzen und Lagersteine in allen Gr\u00f6ssen. <br>Ersatzfl\u00fcgel, Kerzenhaltert, T\u00fcllen und Tropfschalen in verschiedenen Gr\u00f6ssen.<br>L\u00e4mpchen mit Schraubgewinde 3 Watt 12-55 Volt<\/p>\n\n\n\n<p>F\u00fcr Reparaturen rufen Sie uns an.<\/p>\n","protected":false},"excerpt":{"rendered":"<p>Wir f\u00fchren Pyramidenkerzen und Lagersteine in allen Gr\u00f6ssen. Ersatzfl\u00fcgel, Kerzenhaltert, T\u00fcllen und Tropfschalen in verschiedenen Gr\u00f6ssen.L\u00e4mpchen mit Schraubgewinde 3 Watt 12-55 Volt F\u00fcr Reparaturen rufen Sie uns an.<\/p>\n","protected":false},"author":2,"featured_media":0,"parent":0,"menu_order":0,"comment_status":"closed","ping_status":"closed","template":"","meta":{"footnotes":""},"class_list":["post-16100","page","type-page","status-publish","hentry"],"_links":{"self":[{"href":"https:\/\/erzgebirge.ch\/wordpress\/index.php?rest_route=\/wp\/v2\/pages\/16100","targetHints":{"allow":["GET"]}}],"collection":[{"href":"https:\/\/erzgebirge.ch\/wordpress\/index.php?rest_route=\/wp\/v2\/pages"}],"about":[{"href":"https:\/\/erzgebirge.ch\/wordpress\/index.php?rest_route=\/wp\/v2\/types\/page"}],"author":[{"embeddable":true,"href":"https:\/\/erzgebirge.ch\/wordpress\/index.php?rest_route=\/wp\/v2\/users\/2"}],"replies":[{"embeddable":true,"href":"https:\/\/erzgebirge.ch\/wordpress\/index.php?rest_route=%2Fwp%2Fv2%2Fcomments&post=16100"}],"version-history":[{"count":3,"href":"https:\/\/erzgebirge.ch\/wordpress\/index.php?rest_route=\/wp\/v2\/pages\/16100\/revisions"}],"predecessor-version":[{"id":16950,"href":"https:\/\/erzgebirge.ch\/wordpress\/index.php?rest_route=\/wp\/v2\/pages\/16100\/revisions\/16950"}],"wp:attachment":[{"href":"https:\/\/erzgebirge.ch\/wordpress\/index.php?rest_route=%2Fwp%2Fv2%2Fmedia&parent=16100"}],"curies":[{"name":"wp","href":"https:\/\/api.w.org\/{rel}","templated":true}]}}