{"id":15854,"date":"2024-11-22T16:48:08","date_gmt":"2024-11-22T15:48:08","guid":{"rendered":"https:\/\/erzgebirge.ch\/wordpress\/?page_id=15854"},"modified":"2025-11-28T12:13:26","modified_gmt":"2025-11-28T11:13:26","slug":"wie-bestellen","status":"publish","type":"page","link":"https:\/\/erzgebirge.ch\/wordpress\/?page_id=15854","title":{"rendered":"Wie bestellen"},"content":{"rendered":"\n<p>Aus organisatorischen Gr\u00fcnden senden Sie bitte Ihre Bestellung mit den gefundenen Artikelnummern am besten per E-Mail an r.paul@erzgebirge.ch<br>Wir werden Ihre Bestellung best\u00e4tigen und so schnell als m\u00f6glich versenden. <br>Porto und Verpackungsfrei ab Fr. 200.00<br>Artikel ohne Preisangabe sind vor\u00fcbergehend nicht lieferbar.<\/p>\n\n\n\n<p><\/p>\n\n\n\n<p>Besten Dank f\u00fcr Ihren Aufwand.<\/p>\n\n\n\n<p>Ruth und Roland Paul<\/p>\n\n\n\n<p><\/p>\n","protected":false},"excerpt":{"rendered":"<p>Aus organisatorischen Gr\u00fcnden senden Sie bitte Ihre Bestellung mit den gefundenen Artikelnummern am besten per E-Mail an r.paul@erzgebirge.chWir werden Ihre Bestellung best\u00e4tigen und so schnell als m\u00f6glich versenden. Porto und Verpackungsfrei ab Fr. 200.00Artikel ohne Preisangabe sind vor\u00fcbergehend nicht lieferbar. Besten Dank f\u00fcr Ihren Aufwand. Ruth und Roland Paul<\/p>\n","protected":false},"author":2,"featured_media":0,"parent":0,"menu_order":0,"comment_status":"closed","ping_status":"closed","template":"","meta":{"footnotes":""},"class_list":["post-15854","page","type-page","status-publish","hentry"],"_links":{"self":[{"href":"https:\/\/erzgebirge.ch\/wordpress\/index.php?rest_route=\/wp\/v2\/pages\/15854","targetHints":{"allow":["GET"]}}],"collection":[{"href":"https:\/\/erzgebirge.ch\/wordpress\/index.php?rest_route=\/wp\/v2\/pages"}],"about":[{"href":"https:\/\/erzgebirge.ch\/wordpress\/index.php?rest_route=\/wp\/v2\/types\/page"}],"author":[{"embeddable":true,"href":"https:\/\/erzgebirge.ch\/wordpress\/index.php?rest_route=\/wp\/v2\/users\/2"}],"replies":[{"embeddable":true,"href":"https:\/\/erzgebirge.ch\/wordpress\/index.php?rest_route=%2Fwp%2Fv2%2Fcomments&post=15854"}],"version-history":[{"count":3,"href":"https:\/\/erzgebirge.ch\/wordpress\/index.php?rest_route=\/wp\/v2\/pages\/15854\/revisions"}],"predecessor-version":[{"id":18026,"href":"https:\/\/erzgebirge.ch\/wordpress\/index.php?rest_route=\/wp\/v2\/pages\/15854\/revisions\/18026"}],"wp:attachment":[{"href":"https:\/\/erzgebirge.ch\/wordpress\/index.php?rest_route=%2Fwp%2Fv2%2Fmedia&parent=15854"}],"curies":[{"name":"wp","href":"https:\/\/api.w.org\/{rel}","templated":true}]}}