{"id":12724,"date":"2023-08-26T08:17:44","date_gmt":"2023-08-26T07:17:44","guid":{"rendered":"https:\/\/erzgebirge.ch\/wordpress\/?page_id=12724"},"modified":"2024-11-22T16:51:18","modified_gmt":"2024-11-22T15:51:18","slug":"datenschutzerklaerung","status":"publish","type":"page","link":"https:\/\/erzgebirge.ch\/wordpress\/?page_id=12724","title":{"rendered":"Datenschutzerkl\u00e4rung"},"content":{"rendered":"\n<p>Mit dem Besuch unserer Webseite werden keine Daten erhoben.<br>Bestellungen k\u00f6nnen Sie per Telefon E-mail oder brieflich an uns richten.<br>Diese Daten werden nur zur Erstellung der Auftr\u00e4ge und wenn gew\u00fcnscht, zur Erstellung der Kundenbriefe benutzt und nicht weitergegeben.<br>Erzgebirgische Volkskunst  Ruth und Roland Paul<br>verantwortlich Roland Paul<br>Bachlettenstrasse  16<br>CH 4054 Basel<br>0041(0) 61 281 23 90<br>0041(0)79 708 94 00<\/p>\n","protected":false},"excerpt":{"rendered":"<p>Mit dem Besuch unserer Webseite werden keine Daten erhoben.Bestellungen k\u00f6nnen Sie per Telefon E-mail oder brieflich an uns richten.Diese Daten werden nur zur Erstellung der Auftr\u00e4ge und wenn gew\u00fcnscht, zur Erstellung der Kundenbriefe benutzt und nicht weitergegeben.Erzgebirgische Volkskunst Ruth und Roland Paulverantwortlich Roland PaulBachlettenstrasse 16CH 4054 Basel0041(0) 61 281 23 900041(0)79 708 94 00<\/p>\n","protected":false},"author":2,"featured_media":0,"parent":0,"menu_order":0,"comment_status":"closed","ping_status":"closed","template":"","meta":{"footnotes":""},"class_list":["post-12724","page","type-page","status-publish","hentry"],"_links":{"self":[{"href":"https:\/\/erzgebirge.ch\/wordpress\/index.php?rest_route=\/wp\/v2\/pages\/12724","targetHints":{"allow":["GET"]}}],"collection":[{"href":"https:\/\/erzgebirge.ch\/wordpress\/index.php?rest_route=\/wp\/v2\/pages"}],"about":[{"href":"https:\/\/erzgebirge.ch\/wordpress\/index.php?rest_route=\/wp\/v2\/types\/page"}],"author":[{"embeddable":true,"href":"https:\/\/erzgebirge.ch\/wordpress\/index.php?rest_route=\/wp\/v2\/users\/2"}],"replies":[{"embeddable":true,"href":"https:\/\/erzgebirge.ch\/wordpress\/index.php?rest_route=%2Fwp%2Fv2%2Fcomments&post=12724"}],"version-history":[{"count":1,"href":"https:\/\/erzgebirge.ch\/wordpress\/index.php?rest_route=\/wp\/v2\/pages\/12724\/revisions"}],"predecessor-version":[{"id":15858,"href":"https:\/\/erzgebirge.ch\/wordpress\/index.php?rest_route=\/wp\/v2\/pages\/12724\/revisions\/15858"}],"wp:attachment":[{"href":"https:\/\/erzgebirge.ch\/wordpress\/index.php?rest_route=%2Fwp%2Fv2%2Fmedia&parent=12724"}],"curies":[{"name":"wp","href":"https:\/\/api.w.org\/{rel}","templated":true}]}}