{"id":11565,"date":"2022-12-17T15:42:01","date_gmt":"2022-12-17T14:42:01","guid":{"rendered":"https:\/\/erzgebirge.ch\/wordpress\/?page_id=11565"},"modified":"2025-04-07T16:57:08","modified_gmt":"2025-04-07T14:57:08","slug":"ueber-uns","status":"publish","type":"page","link":"https:\/\/erzgebirge.ch\/wordpress\/?page_id=11565","title":{"rendered":"\u00dcBER UNS"},"content":{"rendered":"\n<p>Ende der Sechziger Jahre war im Weihnachtsprospekt unseres Grossisten ein Rauchermann, das Westdeutsche Sandm\u00e4nnchen des Fernsehens, als Dekoration abgebildet. Da uns diese Figur gefiel und Raucherkerzen schon im Er\u00f6ffnungsprospekt der Drogerie meines Grossvaters von 1911 erw\u00e4hnt wurden und damals in der Drogerie verkauft wurden, fragten wir den Hersteller des Weihnacht Prospektes an, wo diese Figur zu erwerben sei. Diese Dekorationsfirma konnte uns ein paar Exemplare verkaufen, aber im folgenden Jahr wurde der Weihnacht Prospekt nat\u00fcrlich mit etwas Anderem dekoriert. Wir fuhren deshalb an die Frankfurter Messe und konnten dort Kontakt mit einem westdeutschen Importeur f\u00fcr Raucherkerzen und erzgebirgische Volkskunst herstellen. Dort erfuhren wir auch, dass unser Rauchermann aus einer, heute im Erzgebirge eingeb\u00fcrgerten, Fabrik in der Bundesrepublik Deutschland stammte. Da nur mit dem Einkauf von verschiedenen Raucherm\u00e4nnern die untere Exportlimite nach der Schweiz nicht erf\u00fcllt wurde stockten wir die Bestellung mit ein paar Pyramiden auf. Kaum zu Hause ausgestellt waren die Produkte aus dem Erzgebirge schon verkauft. Also auf ein Neues an die Frankfurter Messe. Leider mussten wir uns Anfangs der 70er Jahre f\u00fcr einen neuen Importeur in der Bundesrepublik umsehen, da der bisherige Grossist das Waren aus dem Erzgebirge nicht mehr f\u00fchrte. Nach einigen Jahren wurde dann der Schweizer Generalvertreter f\u00fcr Erzgebirgische Volkskunst von uns angefragt, ob wir die Produkte nicht direkt einkaufen k\u00f6nnen, was aber laut ihm mangels Umsatz in der Schweiz und fehlendem Einkaufskontingent f\u00fcr Holzwaren in der DDR nicht m\u00f6glich war. Nach einigen Jahre war unser Einkaufsvolumen beim Grossisten so angewachsen, dass wir die ersten auch f\u00fcr uns limitierte Spezialit\u00e4ten wie Produkte von Wendt und K\u00fchn, Walter Werner, Wolfgang Gl\u00f6ckner, G\u00fcnter Leichsenring, Klaus Merten und andere, einkaufen konnten. Trotz wiederholten Anfragen bei der Demusa in Suhl und bei der DDR Botschaft in Bern konnten wir nicht direkt einkaufen, wir wurden aber eingeladen, zur Feier des 35. Jahrestages der DDR in Basel unsere Ware auszustellen. Da wir keine Bekannten in der DDR hatten und eine gef\u00fchrte Busreise durch die DDR nicht nach unserem Geschmack war, erhielten wir h\u00f6chstens ein Visum zum Besuch der Leipziger Messe, wo wir aber als nicht Grossist und auch mangels eines Kontingents f\u00fcr Holzwaren \u00a0der Schweiz, nichts einkaufen konnten. Anfangs der achtziger Jahre bekamen wir Kontakt mit einer Familie in Olbernhau und so konnten wir 1986 zum ersten Mal die DDR besuchen und mit einem Besuchervisum auch den Kreis Leipzig verlassen. Verschiedene Versuche an der Leipziger Messe Waren direkt zu bestellen und \u00fcber Grossisten ausliefern zu lassen f\u00fchrten zu keinem Ergebnis. Erst die Wende brachte den Umschwung und heute f\u00fchren wir Erzgebirgische Volkskunst von \u00fcber 100 Handwerkern und unser Sortiment ist durch den Erfolg von Verkaufsausstellungen an der Schweizer Mustermesse, an der Herbstwarenmesse und am Weihnachtsmarkt in Basel auf \u00fcber 6000 Artikel angewachsen. Die Bekanntheit des Erzgebirges und ihrer Volkskunst wurde durch die Mitwirkung von verschiedenen Handwerkern, die an unseren Ausstellungen , dem Eiermarkt an der Basler Mustermesse, den Ausstellungen am &#8222;alten und seltenen Handwerk und am Basler Weihnachtsmarkt, die Herstellung ihrer Produkte demonstrierten und selbst verkaufen konnten, enorm gef\u00f6rdert.<\/p>\n\n\n\n<figure class=\"wp-block-image size-full\"><img loading=\"lazy\" decoding=\"async\" width=\"630\" height=\"870\" src=\"https:\/\/erzgebirge.ch\/wordpress\/wp-content\/uploads\/2022\/12\/DCP_1703-1.png\" alt=\"\" class=\"wp-image-11570\" srcset=\"https:\/\/erzgebirge.ch\/wordpress\/wp-content\/uploads\/2022\/12\/DCP_1703-1.png 630w, https:\/\/erzgebirge.ch\/wordpress\/wp-content\/uploads\/2022\/12\/DCP_1703-1-434x600.png 434w, https:\/\/erzgebirge.ch\/wordpress\/wp-content\/uploads\/2022\/12\/DCP_1703-1-217x300.png 217w\" sizes=\"auto, (max-width: 630px) 100vw, 630px\" \/><figcaption class=\"wp-element-caption\">UNSER ERSTER RAUCHERMANN<\/figcaption><\/figure>\n","protected":false},"excerpt":{"rendered":"<p>Ende der Sechziger Jahre war im Weihnachtsprospekt unseres Grossisten ein Rauchermann, das Westdeutsche Sandm\u00e4nnchen des Fernsehens, als Dekoration abgebildet. Da uns diese Figur gefiel und Raucherkerzen schon im Er\u00f6ffnungsprospekt der Drogerie meines Grossvaters von 1911 erw\u00e4hnt wurden und damals in der Drogerie verkauft wurden, fragten wir den Hersteller des Weihnacht Prospektes an, wo diese Figur [&hellip;]<\/p>\n","protected":false},"author":2,"featured_media":0,"parent":0,"menu_order":0,"comment_status":"closed","ping_status":"closed","template":"","meta":{"footnotes":""},"class_list":["post-11565","page","type-page","status-publish","hentry"],"_links":{"self":[{"href":"https:\/\/erzgebirge.ch\/wordpress\/index.php?rest_route=\/wp\/v2\/pages\/11565","targetHints":{"allow":["GET"]}}],"collection":[{"href":"https:\/\/erzgebirge.ch\/wordpress\/index.php?rest_route=\/wp\/v2\/pages"}],"about":[{"href":"https:\/\/erzgebirge.ch\/wordpress\/index.php?rest_route=\/wp\/v2\/types\/page"}],"author":[{"embeddable":true,"href":"https:\/\/erzgebirge.ch\/wordpress\/index.php?rest_route=\/wp\/v2\/users\/2"}],"replies":[{"embeddable":true,"href":"https:\/\/erzgebirge.ch\/wordpress\/index.php?rest_route=%2Fwp%2Fv2%2Fcomments&post=11565"}],"version-history":[{"count":2,"href":"https:\/\/erzgebirge.ch\/wordpress\/index.php?rest_route=\/wp\/v2\/pages\/11565\/revisions"}],"predecessor-version":[{"id":16779,"href":"https:\/\/erzgebirge.ch\/wordpress\/index.php?rest_route=\/wp\/v2\/pages\/11565\/revisions\/16779"}],"wp:attachment":[{"href":"https:\/\/erzgebirge.ch\/wordpress\/index.php?rest_route=%2Fwp%2Fv2%2Fmedia&parent=11565"}],"curies":[{"name":"wp","href":"https:\/\/api.w.org\/{rel}","templated":true}]}}